{"id":1283,"date":"2022-05-04T16:25:26","date_gmt":"2022-05-04T23:25:26","guid":{"rendered":"https:\/\/demosites.royal-elementor-addons.com\/carwash-v1\/?page_id=13"},"modified":"2025-03-28T13:47:09","modified_gmt":"2025-03-28T20:47:09","slug":"about","status":"publish","type":"page","link":"https:\/\/samro-ce.com\/?page_id=1283","title":{"rendered":"About"},"content":{"rendered":"\t\t<div data-elementor-type=\"wp-page\" data-elementor-id=\"1283\" class=\"elementor elementor-1283\" data-elementor-post-type=\"page\">\n\t\t\t\t\t\t<section class=\"elementor-section elementor-top-section elementor-element elementor-element-a1a84db elementor-section-height-min-height elementor-section-boxed elementor-section-height-default elementor-section-items-middle wpr-particle-no wpr-jarallax-no wpr-parallax-no wpr-sticky-section-no\" data-id=\"a1a84db\" data-element_type=\"section\" data-settings=\"{&quot;background_background&quot;:&quot;classic&quot;}\">\n\t\t\t\t\t\t\t<div class=\"elementor-background-overlay\"><\/div>\n\t\t\t\t\t\t\t<div class=\"elementor-container elementor-column-gap-default\">\n\t\t\t\t\t<div class=\"elementor-column elementor-col-100 elementor-top-column elementor-element elementor-element-0abb6a3\" data-id=\"0abb6a3\" data-element_type=\"column\">\n\t\t\t<div class=\"elementor-widget-wrap\">\n\t\t\t\t\t\t\t<\/div>\n\t\t<\/div>\n\t\t\t\t\t<\/div>\n\t\t<\/section>\n\t\t\t\t<section class=\"elementor-section elementor-top-section elementor-element elementor-element-f4be255 elementor-section-boxed elementor-section-height-default elementor-section-height-default wpr-particle-no wpr-jarallax-no wpr-parallax-no wpr-sticky-section-no\" data-id=\"f4be255\" data-element_type=\"section\">\n\t\t\t\t\t\t<div class=\"elementor-container elementor-column-gap-wide\">\n\t\t\t\t\t<div class=\"elementor-column elementor-col-50 elementor-top-column elementor-element elementor-element-0137ec8\" data-id=\"0137ec8\" data-element_type=\"column\">\n\t\t\t<div class=\"elementor-widget-wrap elementor-element-populated\">\n\t\t\t\t\t\t<section class=\"elementor-section elementor-inner-section elementor-element elementor-element-aab6700 elementor-section-boxed elementor-section-height-default elementor-section-height-default wpr-particle-no wpr-jarallax-no wpr-parallax-no wpr-sticky-section-no\" data-id=\"aab6700\" data-element_type=\"section\">\n\t\t\t\t\t\t<div class=\"elementor-container elementor-column-gap-default\">\n\t\t\t\t\t<div class=\"elementor-column elementor-col-50 elementor-inner-column elementor-element elementor-element-f0fb2eb\" data-id=\"f0fb2eb\" data-element_type=\"column\">\n\t\t\t<div class=\"elementor-widget-wrap elementor-element-populated\">\n\t\t\t\t\t\t<div class=\"elementor-element elementor-element-e2d4cf7 elementor-widget-divider--view-line elementor-widget elementor-widget-divider\" data-id=\"e2d4cf7\" data-element_type=\"widget\" data-widget_type=\"divider.default\">\n\t\t\t\t\t\t\t<div class=\"elementor-divider\">\n\t\t\t<span class=\"elementor-divider-separator\">\n\t\t\t\t\t\t<\/span>\n\t\t<\/div>\n\t\t\t\t\t\t<\/div>\n\t\t\t\t\t<\/div>\n\t\t<\/div>\n\t\t\t\t<div class=\"elementor-column elementor-col-50 elementor-inner-column elementor-element elementor-element-047b102\" data-id=\"047b102\" data-element_type=\"column\">\n\t\t\t<div class=\"elementor-widget-wrap elementor-element-populated\">\n\t\t\t\t\t\t<div class=\"elementor-element elementor-element-85b288c elementor-widget elementor-widget-heading\" data-id=\"85b288c\" data-element_type=\"widget\" data-widget_type=\"heading.default\">\n\t\t\t\t\t<h2 class=\"elementor-heading-title elementor-size-default\">NOSOTROS<\/h2>\t\t\t\t<\/div>\n\t\t\t\t\t<\/div>\n\t\t<\/div>\n\t\t\t\t\t<\/div>\n\t\t<\/section>\n\t\t\t\t<div class=\"elementor-element elementor-element-fce15ef elementor-widget elementor-widget-heading\" data-id=\"fce15ef\" data-element_type=\"widget\" data-widget_type=\"heading.default\">\n\t\t\t\t\t<h2 class=\"elementor-heading-title elementor-size-default\">\u00bfQUI\u00c9NES SOMOS?<\/h2>\t\t\t\t<\/div>\n\t\t\t\t<div class=\"elementor-element elementor-element-9b7809c elementor-widget__width-initial elementor-widget-mobile__width-initial elementor-widget elementor-widget-text-editor\" data-id=\"9b7809c\" data-element_type=\"widget\" data-widget_type=\"text-editor.default\">\n\t\t\t\t\t\t\t\t\t<p>Somos una empresa joven, 100% mexicana, que ofrece servicios integrales que se adaptan a las necesidades y objetivos de cada uno de nuestros clientes.<\/p><p>Hemos logrado consolidar un equipo multidisciplinario de trabajo con una amplia experiencia en el ramo de la construcci\u00f3n metal mec\u00e1nica. Nuestros colaboradores son seleccionados y entrenados para cumplir con todos los lineamientos de seguridad y calidad de cada uno de nuestros proyectos, siendo as\u00ed un equipo fuerte, profesional y especializado, bajo los siguientes valores: seguridad, calidad, honestidad, pasi\u00f3n, orientaci\u00f3n al cliente e integridad.<\/p>\t\t\t\t\t\t\t\t<\/div>\n\t\t\t\t\t<\/div>\n\t\t<\/div>\n\t\t\t\t<div class=\"elementor-column elementor-col-50 elementor-top-column elementor-element elementor-element-4ec2574 elementor-hidden-tablet elementor-hidden-mobile\" data-id=\"4ec2574\" data-element_type=\"column\">\n\t\t\t<div class=\"elementor-widget-wrap elementor-element-populated\">\n\t\t\t\t\t\t<div class=\"elementor-element elementor-element-ed32f6a elementor-widget__width-initial elementor-absolute elementor-widget elementor-widget-image\" data-id=\"ed32f6a\" data-element_type=\"widget\" data-settings=\"{&quot;_position&quot;:&quot;absolute&quot;}\" data-widget_type=\"image.default\">\n\t\t\t\t\t\t\t\t\t\t\t\t\t\t\t<img fetchpriority=\"high\" decoding=\"async\" width=\"853\" height=\"1024\" src=\"https:\/\/samro-ce.com\/wp-content\/uploads\/2025\/03\/Imagen-de-WhatsApp-2025-03-25-a-las-14.56.22_ad395f61-853x1024.jpg\" class=\"attachment-large size-large wp-image-1630\" alt=\"\" srcset=\"https:\/\/samro-ce.com\/wp-content\/uploads\/2025\/03\/Imagen-de-WhatsApp-2025-03-25-a-las-14.56.22_ad395f61-853x1024.jpg 853w, https:\/\/samro-ce.com\/wp-content\/uploads\/2025\/03\/Imagen-de-WhatsApp-2025-03-25-a-las-14.56.22_ad395f61-250x300.jpg 250w, https:\/\/samro-ce.com\/wp-content\/uploads\/2025\/03\/Imagen-de-WhatsApp-2025-03-25-a-las-14.56.22_ad395f61-768x922.jpg 768w, https:\/\/samro-ce.com\/wp-content\/uploads\/2025\/03\/Imagen-de-WhatsApp-2025-03-25-a-las-14.56.22_ad395f61.jpg 960w\" sizes=\"(max-width: 853px) 100vw, 853px\" \/>\t\t\t\t\t\t\t\t\t\t\t\t\t\t\t<\/div>\n\t\t\t\t\t<\/div>\n\t\t<\/div>\n\t\t\t\t\t<\/div>\n\t\t<\/section>\n\t\t<div class=\"elementor-element elementor-element-0c374b6 e-flex e-con-boxed wpr-particle-no wpr-jarallax-no wpr-parallax-no wpr-sticky-section-no e-con e-parent\" data-id=\"0c374b6\" data-element_type=\"container\">\n\t\t\t\t\t<div class=\"e-con-inner\">\n\t\t<div class=\"elementor-element elementor-element-ce63873 e-con-full e-flex wpr-particle-no wpr-jarallax-no wpr-parallax-no wpr-sticky-section-no e-con e-child\" data-id=\"ce63873\" data-element_type=\"container\">\n\t\t\t\t<div class=\"elementor-element elementor-element-8a7e212 elementor-cta--skin-classic elementor-animated-content elementor-bg-transform elementor-bg-transform-zoom-in elementor-widget elementor-widget-call-to-action\" data-id=\"8a7e212\" data-element_type=\"widget\" data-widget_type=\"call-to-action.default\">\n\t\t\t\t\t\t\t<div class=\"elementor-cta\">\n\t\t\t\t\t\t\t<div class=\"elementor-cta__content\">\n\t\t\t\t\n\t\t\t\t\t\t\t\t\t<h2 class=\"elementor-cta__title elementor-cta__content-item elementor-content-item\">\n\t\t\t\t\t\tMISI\u00d3N\t\t\t\t\t<\/h2>\n\t\t\t\t\n\t\t\t\t\t\t\t\t\t<div class=\"elementor-cta__description elementor-cta__content-item elementor-content-item\">\n\t\t\t\t\t\tOfrecer servicios de la mas alta calidad con m\u00e9todos innovadores y constructivos que nos permiten garantizar los objetivos de  nuestros clientes.\n\t\t\t\t\t<\/div>\n\t\t\t\t\n\t\t\t\t\t\t\t<\/div>\n\t\t\t\t\t\t<\/div>\n\t\t\t\t\t\t<\/div>\n\t\t\t\t<\/div>\n\t\t<div class=\"elementor-element elementor-element-2e5ac52 e-con-full e-flex wpr-particle-no wpr-jarallax-no wpr-parallax-no wpr-sticky-section-no e-con e-child\" data-id=\"2e5ac52\" data-element_type=\"container\">\n\t\t\t\t<div class=\"elementor-element elementor-element-d540908 elementor-cta--skin-classic elementor-animated-content elementor-bg-transform elementor-bg-transform-zoom-in elementor-widget elementor-widget-call-to-action\" data-id=\"d540908\" data-element_type=\"widget\" data-widget_type=\"call-to-action.default\">\n\t\t\t\t\t\t\t<div class=\"elementor-cta\">\n\t\t\t\t\t\t\t<div class=\"elementor-cta__content\">\n\t\t\t\t\n\t\t\t\t\t\t\t\t\t<h2 class=\"elementor-cta__title elementor-cta__content-item elementor-content-item\">\n\t\t\t\t\t\tVISI\u00d3N\t\t\t\t\t<\/h2>\n\t\t\t\t\n\t\t\t\t\t\t\t\t\t<div class=\"elementor-cta__description elementor-cta__content-item elementor-content-item\">\n\t\t\t\t\t\tSer una empresa l\u00edder en construcci\u00f3n de proyectos industriales con los mas altos est\u00e1ndares de seguridad y calidad, garantizando la correcta ejecuci\u00f3n de inicio a fin, en los tiempos requeridos por el cliente.\t\t\t\t\t<\/div>\n\t\t\t\t\n\t\t\t\t\t\t\t<\/div>\n\t\t\t\t\t\t<\/div>\n\t\t\t\t\t\t<\/div>\n\t\t\t\t<\/div>\n\t\t\t\t\t<\/div>\n\t\t\t\t<\/div>\n\t\t\t\t<section class=\"elementor-section elementor-top-section elementor-element elementor-element-01c5c2a elementor-section-boxed elementor-section-height-default elementor-section-height-default wpr-particle-no wpr-jarallax-no wpr-parallax-no wpr-sticky-section-no\" data-id=\"01c5c2a\" data-element_type=\"section\">\n\t\t\t\t\t\t<div class=\"elementor-container elementor-column-gap-default\">\n\t\t\t\t\t<div class=\"elementor-column elementor-col-100 elementor-top-column elementor-element elementor-element-40f82cd\" data-id=\"40f82cd\" data-element_type=\"column\">\n\t\t\t<div class=\"elementor-widget-wrap elementor-element-populated\">\n\t\t\t\t\t\t<div class=\"elementor-element elementor-element-6f81105 elementor-widget elementor-widget-heading\" data-id=\"6f81105\" data-element_type=\"widget\" data-widget_type=\"heading.default\">\n\t\t\t\t\t<h2 class=\"elementor-heading-title elementor-size-default\">NUESTROS SERVICIOS CUENTAN CON:<\/h2>\t\t\t\t<\/div>\n\t\t\t\t<div class=\"elementor-element elementor-element-df4b0cb wpr-list-style-none elementor-widget elementor-widget-wpr-posts-timeline\" data-id=\"df4b0cb\" data-element_type=\"widget\" data-settings=\"{&quot;animation_offset&quot;:150,&quot;aos_animation_duration&quot;:600}\" data-widget_type=\"wpr-posts-timeline.default\">\n\t\t\t\t<div class=\"elementor-widget-container\">\n\t\t\t\t\t\n\t\t<div class=\"wpr-wrapper wpr-vertical wpr-centered\">\n\t\t\t<div class=\"wpr-timeline-centered wpr-line wpr-both-sided-timeline\"><div class=\"wpr-middle-line\"><\/div><div class=\"wpr-timeline-fill\" data-layout=\"centered\"><\/div><article class=\"wpr-timeline-entry wpr-left-aligned elementor-repeater-item-d3e1954\" data-item-id=\"elementor-repeater-item-d3e1954\"><div class=\"wpr-timeline-entry-inner\"><div class=\"wpr-main-line-icon wpr-icon\"><i aria-hidden=\"true\" class=\"far fa-flag\"><\/i><\/div><div class=\"wpr-story-info-vertical wpr-data-wrap \"  data-aos=\"fade\" data-aos-left=\"\" data-aos-right=\"\" data-animation-offset=\"150\" data-animation-duration=\"600\"><div class=\"wpr-timeline-content-wrapper\"><div class=\"wpr-content-wrapper\"><p class=\"wpr-title-wrap\"><span class=\"wpr-title\">CALIDAD<\/span><\/p><div class=\"wpr-description\"><p>Para SAMRO el aseguramiento de calidad en nuestros servicios y las buenas pr\u00e1cticas de manufactura son un<br \/>constante en nuestro sistema de trabajo que hemos convertido a nuestra cultura, por lo que siempre buscamos<br \/>la satisfacci\u00f3n total de nuestros clientes manteniendo los m\u00e1s altos est\u00e1ndares de calidad.<\/p><\/div><\/div><\/div><\/div>\n\t\t\t\t\t\t<\/div>\n\t\t\t\t<\/article><article class=\"wpr-timeline-entry wpr-right-aligned elementor-repeater-item-a1c6da2\" data-item-id=\"elementor-repeater-item-a1c6da2\"><div class=\"wpr-timeline-entry-inner\"><div class=\"wpr-main-line-icon wpr-icon\"><i aria-hidden=\"true\" class=\"far fa-paper-plane\"><\/i><\/div><div class=\"wpr-story-info-vertical wpr-data-wrap \"  data-aos=\"fade\" data-aos-left=\"\" data-aos-right=\"\" data-animation-offset=\"150\" data-animation-duration=\"600\"><div class=\"wpr-timeline-content-wrapper\"><div class=\"wpr-content-wrapper\"><p class=\"wpr-title-wrap\"><span class=\"wpr-title\">EXPERIENCIA<\/span><\/p><div class=\"wpr-description\"><p>Contamos con personal calificado para trabajos de maniobras, tuber\u00eda en acero inoxidable y acero al carb\u00f3n,<br \/>soldadores ASME, charofil, conduit, cableado y conexi\u00f3n de tableros.<\/p><\/div><\/div><\/div><\/div>\n\t\t\t\t\t\t<\/div>\n\t\t\t\t<\/article><article class=\"wpr-timeline-entry wpr-left-aligned elementor-repeater-item-9d0a4bd\" data-item-id=\"elementor-repeater-item-9d0a4bd\"><div class=\"wpr-timeline-entry-inner\"><div class=\"wpr-main-line-icon wpr-icon\"><i aria-hidden=\"true\" class=\"far fa-lightbulb\"><\/i><\/div><div class=\"wpr-story-info-vertical wpr-data-wrap \"  data-aos=\"fade\" data-aos-left=\"\" data-aos-right=\"\" data-animation-offset=\"150\" data-animation-duration=\"600\"><div class=\"wpr-timeline-content-wrapper\"><div class=\"wpr-content-wrapper\"><p class=\"wpr-title-wrap\"><span class=\"wpr-title\">PROFESIONALISMO<\/span><\/p><div class=\"wpr-description\"><p>Nos caracterizamos por nuestro profesionalismo y compromiso en cada proyecto, brindando soluciones eficientes y de alta calidad. Contamos con un equipo de expertos capacitados que garantizan resultados \u00f3ptimos, cumpliendo con los m\u00e1s altos est\u00e1ndares de seguridad y eficiencia.<\/p><\/div><\/div><\/div><\/div>\n\t\t\t\t\t\t<\/div>\n\t\t\t\t<\/article><\/div>    \n\t\t\t<\/div>\t\t\t\t<\/div>\n\t\t\t\t<\/div>\n\t\t\t\t\t<\/div>\n\t\t<\/div>\n\t\t\t\t\t<\/div>\n\t\t<\/section>\n\t\t\t\t<\/div>\n\t\t","protected":false},"excerpt":{"rendered":"<p>NOSOTROS \u00bfQUI\u00c9NES SOMOS? Somos una empresa joven, 100% mexicana, que ofrece servicios integrales que se adaptan a las necesidades y objetivos de cada uno de nuestros clientes. Hemos logrado consolidar un equipo multidisciplinario de trabajo con una amplia experiencia en el ramo de la construcci\u00f3n metal mec\u00e1nica. Nuestros colaboradores son seleccionados y entrenados para cumplir con todos los lineamientos de seguridad y calidad de cada uno de nuestros proyectos, siendo as\u00ed un equipo fuerte, profesional y especializado, bajo los siguientes valores: seguridad, calidad, honestidad, pasi\u00f3n, orientaci\u00f3n al cliente e integridad. MISI\u00d3N Ofrecer servicios de la mas alta calidad con m\u00e9todos innovadores y constructivos que nos permiten garantizar los objetivos de nuestros clientes. VISI\u00d3N Ser una empresa l\u00edder en construcci\u00f3n de proyectos industriales con los mas altos est\u00e1ndares de seguridad y calidad, garantizando la correcta ejecuci\u00f3n de inicio a fin, en los tiempos requeridos por el cliente. NUESTROS SERVICIOS CUENTAN CON: CALIDAD Para SAMRO el aseguramiento de calidad en nuestros servicios y las buenas pr\u00e1cticas de manufactura son unconstante en nuestro sistema de trabajo que hemos convertido a nuestra cultura, por lo que siempre buscamosla satisfacci\u00f3n total de nuestros clientes manteniendo los m\u00e1s altos est\u00e1ndares de calidad. EXPERIENCIA Contamos con personal calificado para trabajos de maniobras, tuber\u00eda en acero inoxidable y acero al carb\u00f3n,soldadores ASME, charofil, conduit, cableado y conexi\u00f3n de tableros. PROFESIONALISMO Nos caracterizamos por nuestro profesionalismo y compromiso en cada proyecto, brindando soluciones eficientes y de alta calidad. Contamos con un equipo de expertos capacitados que garantizan resultados \u00f3ptimos, cumpliendo con los m\u00e1s altos est\u00e1ndares de seguridad y eficiencia.<\/p>\n","protected":false},"author":3,"featured_media":0,"parent":0,"menu_order":0,"comment_status":"closed","ping_status":"closed","template":"elementor_canvas","meta":{"footnotes":""},"class_list":["post-1283","page","type-page","status-publish","hentry"],"_links":{"self":[{"href":"https:\/\/samro-ce.com\/index.php?rest_route=\/wp\/v2\/pages\/1283","targetHints":{"allow":["GET"]}}],"collection":[{"href":"https:\/\/samro-ce.com\/index.php?rest_route=\/wp\/v2\/pages"}],"about":[{"href":"https:\/\/samro-ce.com\/index.php?rest_route=\/wp\/v2\/types\/page"}],"author":[{"embeddable":true,"href":"https:\/\/samro-ce.com\/index.php?rest_route=\/wp\/v2\/users\/3"}],"replies":[{"embeddable":true,"href":"https:\/\/samro-ce.com\/index.php?rest_route=%2Fwp%2Fv2%2Fcomments&post=1283"}],"version-history":[{"count":45,"href":"https:\/\/samro-ce.com\/index.php?rest_route=\/wp\/v2\/pages\/1283\/revisions"}],"predecessor-version":[{"id":1640,"href":"https:\/\/samro-ce.com\/index.php?rest_route=\/wp\/v2\/pages\/1283\/revisions\/1640"}],"wp:attachment":[{"href":"https:\/\/samro-ce.com\/index.php?rest_route=%2Fwp%2Fv2%2Fmedia&parent=1283"}],"curies":[{"name":"wp","href":"https:\/\/api.w.org\/{rel}","templated":true}]}}